{"id":2858,"date":"2020-02-06T11:01:49","date_gmt":"2020-02-06T10:01:49","guid":{"rendered":"http:\/\/rifugiochabod.turismok.com\/?page_id=2858"},"modified":"2023-10-03T17:18:57","modified_gmt":"2023-10-03T15:18:57","slug":"bienvenue","status":"publish","type":"page","link":"https:\/\/www.rifugiochabod.com\/fr\/bienvenue\/","title":{"rendered":"Bienvenue"},"content":{"rendered":"<div class=\"wpb-content-wrapper\"><p>[vc_row bg_type=&#8221;bg_color&#8221; bg_override=&#8221;ex-full&#8221; css=&#8221;.vc_custom_1696346335215{padding-top: 5% !important;padding-bottom: 100px !important;}&#8221; bg_color_value=&#8221;#ffffff&#8221; el_id=&#8221;benvenuto&#8221;][vc_column][vc_custom_heading text=&#8221;Bienvenue&#8230;&#8221; font_container=&#8221;tag:h2|text_align:center|line_height:1.3em&#8221; google_fonts=&#8221;font_family:Kaushan%20Script%3Aregular|font_style:400%20regular%3A400%3Anormal&#8221;][vc_custom_heading text=&#8221;Situ\u00e9 au pied de la face nord-ouest du Grand Paradis, au c\u0153ur du Parc National du m\u00eame nom, le refuge Federico Chabod est ouvert au printemps pour le ski alpinisme (jusqu&#8217;\u00e0 mi-mai) et de juin \u00e0 septembre pour les ascensions classiques et pour les randonn\u00e9es.<br \/>\nConfortable et bien structur\u00e9, il propose un service h\u00f4telier et dispose de 85 places avec salles de bains.<br \/>\nPoint de d\u00e9part de la voie normale du Grand Paradis et de la face nord-ouest, il jouit d&#8217;une vue spectaculaire sur tout le massif et constitue une \u00e9tape du Tor des Glaciers.<br \/>\nLe refuge a obtenu la certification UNI EN ISO 14001 en octobre 2001.&#8221; font_container=&#8221;tag:p|font_size:19px|text_align:center|line_height:35px&#8221; use_theme_fonts=&#8221;yes&#8221;][vc_empty_space height=&#8221;20px&#8221;][vc_row_inner][vc_column_inner width=&#8221;1\/4&#8243;][\/vc_column_inner][vc_column_inner width=&#8221;1\/2&#8243;][vc_zigzag color=&#8221;custom&#8221; el_width=&#8221;20&#8243; custom_color=&#8221;__USE_THEME_MAIN_COLOR__&#8221;][\/vc_column_inner][vc_column_inner width=&#8221;1\/4&#8243;][\/vc_column_inner][\/vc_row_inner][\/vc_column][\/vc_row][vc_row full_width=&#8221;stretch_row_content_no_spaces&#8221; equal_height=&#8221;yes&#8221; content_placement=&#8221;top&#8221; bg_type=&#8221;bg_color&#8221; seperator_enable=&#8221;seperator_enable_value&#8221; seperator_type=&#8221;xlarge_triangle_left_seperator&#8221; seperator_position=&#8221;top_bottom_seperator&#8221; seperator_svg_height=&#8221;80&#8243; seperator_shape_background=&#8221;#ffffff&#8221; bg_color_value=&#8221;#ffffff&#8221; el_class=&#8221;col3widemobile&#8221;][vc_column parallax=&#8221;content-moving&#8221; parallax_image=&#8221;2711&#8243; parallax_speed_bg=&#8221;1&#8243; width=&#8221;1\/4&#8243; css=&#8221;.vc_custom_1636703381136{background-position: center !important;background-repeat: no-repeat !important;background-size: cover !important;}&#8221;][vc_empty_space height=&#8221;483px&#8221;][\/vc_column][vc_column width=&#8221;1\/4&#8243; css=&#8221;.vc_custom_1562336604138{padding-top: 60px !important;padding-right: 60px !important;padding-bottom: 60px !important;padding-left: 60px !important;background-color: __USE_THEME_MAIN_COLOR__ !important;}&#8221;][vc_custom_heading text=&#8221;Quelques photos&#8221; google_fonts=&#8221;font_family:Kaushan%20Script%3Aregular|font_style:400%20regular%3A400%3Anormal&#8221;][vc_empty_space height=&#8221;15px&#8221;][vc_column_text]<span style=\"color: #fbd2cf;\">Venez d\u00e9couvrir un coin de paradis&#8230;<\/span>[\/vc_column_text][\/vc_column][vc_column parallax=&#8221;content-moving&#8221; parallax_image=&#8221;2720&#8243; parallax_speed_bg=&#8221;1&#8243; width=&#8221;1\/4&#8243; css=&#8221;.vc_custom_1636703399467{background-position: center !important;background-repeat: no-repeat !important;background-size: cover !important;}&#8221;][vc_empty_space height=&#8221;483px&#8221;][\/vc_column][vc_column parallax=&#8221;content-moving&#8221; parallax_image=&#8221;2708&#8243; parallax_speed_bg=&#8221;1&#8243; width=&#8221;1\/4&#8243; css=&#8221;.vc_custom_1636703422737{background-position: center !important;background-repeat: no-repeat !important;background-size: cover !important;}&#8221;][vc_empty_space height=&#8221;483px&#8221;][\/vc_column][\/vc_row][vc_row full_width=&#8221;stretch_row_content_no_spaces&#8221; equal_height=&#8221;yes&#8221; content_placement=&#8221;top&#8221; bg_type=&#8221;bg_color&#8221; seperator_enable=&#8221;seperator_enable_value&#8221; seperator_type=&#8221;xlarge_triangle_left_seperator&#8221; seperator_position=&#8221;top_bottom_seperator&#8221; seperator_svg_height=&#8221;80&#8243; seperator_shape_background=&#8221;#ffffff&#8221; bg_color_value=&#8221;#ffffff&#8221; el_class=&#8221;col3widemobile&#8221;][vc_column parallax=&#8221;content-moving&#8221; parallax_image=&#8221;2717&#8243; parallax_speed_bg=&#8221;1&#8243; width=&#8221;1\/4&#8243; css=&#8221;.vc_custom_1636703447755{background-position: center !important;background-repeat: no-repeat !important;background-size: cover !important;}&#8221;][vc_empty_space height=&#8221;483px&#8221;][\/vc_column][vc_column parallax=&#8221;content-moving&#8221; parallax_image=&#8221;2723&#8243; parallax_speed_bg=&#8221;1&#8243; width=&#8221;1\/4&#8243; css=&#8221;.vc_custom_1636703465307{background-position: center !important;background-repeat: no-repeat !important;background-size: cover !important;}&#8221;][vc_empty_space height=&#8221;483px&#8221;][\/vc_column][vc_column width=&#8221;1\/4&#8243; css=&#8221;.vc_custom_1540073904865{padding-top: 60px !important;padding-right: 60px !important;padding-bottom: 60px !important;padding-left: 60px !important;background-color: #f3f3f3 !important;}&#8221;][vc_empty_space height=&#8221;15px&#8221;][vc_custom_heading text=&#8221;Maintenant, nous sommes dans les montagnes et les montagnes sont en nous.&#8221; font_container=&#8221;tag:p|font_size:29px|text_align:left&#8221; google_fonts=&#8221;font_family:Kaushan%20Script%3Aregular|font_style:400%20regular%3A400%3Anormal&#8221;][vc_empty_space height=&#8221;10px&#8221;][\/vc_column][vc_column parallax=&#8221;content-moving&#8221; parallax_image=&#8221;2714&#8243; parallax_speed_bg=&#8221;1&#8243; width=&#8221;1\/4&#8243;][vc_empty_space height=&#8221;483px&#8221;][\/vc_column][\/vc_row]<\/p>\n<\/div>","protected":false},"excerpt":{"rendered":"<p>[vc_row bg_type=&#8221;bg_color&#8221; bg_override=&#8221;ex-full&#8221; css=&#8221;.vc_custom_1696346335215{padding-top: 5% !important;padding-bottom: 100px !important;}&#8221; bg_color_value=&#8221;#ffffff&#8221; el_id=&#8221;benvenuto&#8221;][vc_column][vc_custom_heading text=&#8221;Bienvenue&#8230;&#8221; font_container=&#8221;tag:h2|text_align:center|line_height:1.3em&#8221; google_fonts=&#8221;font_family:Kaushan%20Script%3Aregular|font_style:400%20regular%3A400%3Anormal&#8221;][vc_custom_heading text=&#8221;Situ\u00e9 au pied de la face nord-ouest du Grand Paradis, au c\u0153ur du Parc National du m\u00eame nom, le refuge Federico Chabod est ouvert au printemps pour le ski alpinisme (jusqu&#8217;\u00e0 mi-mai) et de juin \u00e0 septembre pour les ascensions classiques et [&hellip;]<\/p>\n","protected":false},"author":1,"featured_media":0,"parent":0,"menu_order":0,"comment_status":"closed","ping_status":"closed","template":"one-page-template.php","meta":{"footnotes":""},"class_list":["post-2858","page","type-page","status-publish","hentry"],"yoast_head":"<!-- This site is optimized with the Yoast SEO plugin v27.2 - https:\/\/yoast.com\/product\/yoast-seo-wordpress\/ -->\n<title>Bienvenue - Rifugio Chabod - Valsavarenche, Valle d&#039;Aosta<\/title>\n<meta name=\"robots\" content=\"index, follow, max-snippet:-1, max-image-preview:large, max-video-preview:-1\" \/>\n<link rel=\"canonical\" href=\"https:\/\/www.rifugiochabod.com\/benvenuto\/\" \/>\n<meta property=\"og:locale\" content=\"fr_FR\" \/>\n<meta property=\"og:type\" content=\"article\" \/>\n<meta property=\"og:title\" content=\"Bienvenue - Rifugio Chabod - Valsavarenche, Valle d&#039;Aosta\" \/>\n<meta property=\"og:description\" content=\"[vc_row bg_type=&#8221;bg_color&#8221; bg_override=&#8221;ex-full&#8221; css=&#8221;.vc_custom_1696346335215{padding-top: 5% !important;padding-bottom: 100px !important;}&#8221; bg_color_value=&#8221;#ffffff&#8221; el_id=&#8221;benvenuto&#8221;][vc_column][vc_custom_heading text=&#8221;Bienvenue&#8230;&#8221; font_container=&#8221;tag:h2|text_align:center|line_height:1.3em&#8221; google_fonts=&#8221;font_family:Kaushan%20Script%3Aregular|font_style:400%20regular%3A400%3Anormal&#8221;][vc_custom_heading text=&#8221;Situ\u00e9 au pied de la face nord-ouest du Grand Paradis, au c\u0153ur du Parc National du m\u00eame nom, le refuge Federico Chabod est ouvert au printemps pour le ski alpinisme (jusqu&#8217;\u00e0 mi-mai) et de juin \u00e0 septembre pour les ascensions classiques et [&hellip;]\" \/>\n<meta property=\"og:url\" content=\"https:\/\/www.rifugiochabod.com\/benvenuto\/\" \/>\n<meta property=\"og:site_name\" content=\"Rifugio Chabod - Valsavarenche, Valle d&#039;Aosta\" \/>\n<meta property=\"article:modified_time\" content=\"2023-10-03T15:18:57+00:00\" \/>\n<meta name=\"twitter:card\" content=\"summary_large_image\" \/>\n<meta name=\"twitter:label1\" content=\"Est. reading time\" \/>\n\t<meta name=\"twitter:data1\" content=\"2 minutes\" \/>\n<script type=\"application\/ld+json\" class=\"yoast-schema-graph\">{\"@context\":\"https:\/\/schema.org\",\"@graph\":[{\"@type\":\"WebPage\",\"@id\":\"https:\/\/www.rifugiochabod.com\/benvenuto\/\",\"url\":\"https:\/\/www.rifugiochabod.com\/benvenuto\/\",\"name\":\"Bienvenue - Rifugio Chabod - Valsavarenche, Valle d&#039;Aosta\",\"isPartOf\":{\"@id\":\"https:\/\/www.rifugiochabod.com\/#website\"},\"datePublished\":\"2020-02-06T10:01:49+00:00\",\"dateModified\":\"2023-10-03T15:18:57+00:00\",\"breadcrumb\":{\"@id\":\"https:\/\/www.rifugiochabod.com\/benvenuto\/#breadcrumb\"},\"inLanguage\":\"fr-FR\",\"potentialAction\":[{\"@type\":\"ReadAction\",\"target\":[\"https:\/\/www.rifugiochabod.com\/benvenuto\/\"]}]},{\"@type\":\"BreadcrumbList\",\"@id\":\"https:\/\/www.rifugiochabod.com\/benvenuto\/#breadcrumb\",\"itemListElement\":[{\"@type\":\"ListItem\",\"position\":1,\"name\":\"Home\",\"item\":\"https:\/\/www.rifugiochabod.com\/fr\/\"},{\"@type\":\"ListItem\",\"position\":2,\"name\":\"Bienvenue\"}]},{\"@type\":\"WebSite\",\"@id\":\"https:\/\/www.rifugiochabod.com\/#website\",\"url\":\"https:\/\/www.rifugiochabod.com\/\",\"name\":\"Rifugio Chabod - Valsavarenche, Valle d&#039;Aosta\",\"description\":\"Rifugio Chabod - Valsavarenche, Valle d&#039;Aosta\",\"potentialAction\":[{\"@type\":\"SearchAction\",\"target\":{\"@type\":\"EntryPoint\",\"urlTemplate\":\"https:\/\/www.rifugiochabod.com\/?s={search_term_string}\"},\"query-input\":{\"@type\":\"PropertyValueSpecification\",\"valueRequired\":true,\"valueName\":\"search_term_string\"}}],\"inLanguage\":\"fr-FR\"}]}<\/script>\n<!-- \/ Yoast SEO plugin. -->","yoast_head_json":{"title":"Bienvenue - Rifugio Chabod - Valsavarenche, Valle d&#039;Aosta","robots":{"index":"index","follow":"follow","max-snippet":"max-snippet:-1","max-image-preview":"max-image-preview:large","max-video-preview":"max-video-preview:-1"},"canonical":"https:\/\/www.rifugiochabod.com\/benvenuto\/","og_locale":"fr_FR","og_type":"article","og_title":"Bienvenue - Rifugio Chabod - Valsavarenche, Valle d&#039;Aosta","og_description":"[vc_row bg_type=&#8221;bg_color&#8221; bg_override=&#8221;ex-full&#8221; css=&#8221;.vc_custom_1696346335215{padding-top: 5% !important;padding-bottom: 100px !important;}&#8221; bg_color_value=&#8221;#ffffff&#8221; el_id=&#8221;benvenuto&#8221;][vc_column][vc_custom_heading text=&#8221;Bienvenue&#8230;&#8221; font_container=&#8221;tag:h2|text_align:center|line_height:1.3em&#8221; google_fonts=&#8221;font_family:Kaushan%20Script%3Aregular|font_style:400%20regular%3A400%3Anormal&#8221;][vc_custom_heading text=&#8221;Situ\u00e9 au pied de la face nord-ouest du Grand Paradis, au c\u0153ur du Parc National du m\u00eame nom, le refuge Federico Chabod est ouvert au printemps pour le ski alpinisme (jusqu&#8217;\u00e0 mi-mai) et de juin \u00e0 septembre pour les ascensions classiques et [&hellip;]","og_url":"https:\/\/www.rifugiochabod.com\/benvenuto\/","og_site_name":"Rifugio Chabod - Valsavarenche, Valle d&#039;Aosta","article_modified_time":"2023-10-03T15:18:57+00:00","twitter_card":"summary_large_image","twitter_misc":{"Est. reading time":"2 minutes"},"schema":{"@context":"https:\/\/schema.org","@graph":[{"@type":"WebPage","@id":"https:\/\/www.rifugiochabod.com\/benvenuto\/","url":"https:\/\/www.rifugiochabod.com\/benvenuto\/","name":"Bienvenue - Rifugio Chabod - Valsavarenche, Valle d&#039;Aosta","isPartOf":{"@id":"https:\/\/www.rifugiochabod.com\/#website"},"datePublished":"2020-02-06T10:01:49+00:00","dateModified":"2023-10-03T15:18:57+00:00","breadcrumb":{"@id":"https:\/\/www.rifugiochabod.com\/benvenuto\/#breadcrumb"},"inLanguage":"fr-FR","potentialAction":[{"@type":"ReadAction","target":["https:\/\/www.rifugiochabod.com\/benvenuto\/"]}]},{"@type":"BreadcrumbList","@id":"https:\/\/www.rifugiochabod.com\/benvenuto\/#breadcrumb","itemListElement":[{"@type":"ListItem","position":1,"name":"Home","item":"https:\/\/www.rifugiochabod.com\/fr\/"},{"@type":"ListItem","position":2,"name":"Bienvenue"}]},{"@type":"WebSite","@id":"https:\/\/www.rifugiochabod.com\/#website","url":"https:\/\/www.rifugiochabod.com\/","name":"Rifugio Chabod - Valsavarenche, Valle d&#039;Aosta","description":"Rifugio Chabod - Valsavarenche, Valle d&#039;Aosta","potentialAction":[{"@type":"SearchAction","target":{"@type":"EntryPoint","urlTemplate":"https:\/\/www.rifugiochabod.com\/?s={search_term_string}"},"query-input":{"@type":"PropertyValueSpecification","valueRequired":true,"valueName":"search_term_string"}}],"inLanguage":"fr-FR"}]}},"_links":{"self":[{"href":"https:\/\/www.rifugiochabod.com\/fr\/wp-json\/wp\/v2\/pages\/2858","targetHints":{"allow":["GET"]}}],"collection":[{"href":"https:\/\/www.rifugiochabod.com\/fr\/wp-json\/wp\/v2\/pages"}],"about":[{"href":"https:\/\/www.rifugiochabod.com\/fr\/wp-json\/wp\/v2\/types\/page"}],"author":[{"embeddable":true,"href":"https:\/\/www.rifugiochabod.com\/fr\/wp-json\/wp\/v2\/users\/1"}],"replies":[{"embeddable":true,"href":"https:\/\/www.rifugiochabod.com\/fr\/wp-json\/wp\/v2\/comments?post=2858"}],"version-history":[{"count":8,"href":"https:\/\/www.rifugiochabod.com\/fr\/wp-json\/wp\/v2\/pages\/2858\/revisions"}],"predecessor-version":[{"id":3165,"href":"https:\/\/www.rifugiochabod.com\/fr\/wp-json\/wp\/v2\/pages\/2858\/revisions\/3165"}],"wp:attachment":[{"href":"https:\/\/www.rifugiochabod.com\/fr\/wp-json\/wp\/v2\/media?parent=2858"}],"curies":[{"name":"wp","href":"https:\/\/api.w.org\/{rel}","templated":true}]}}